{"id":626,"date":"2024-10-21T10:01:55","date_gmt":"2024-10-21T08:01:55","guid":{"rendered":"https:\/\/plasztikvilag.hu\/?post_type=product&#038;p=626"},"modified":"2024-11-11T06:41:00","modified_gmt":"2024-11-11T05:41:00","slug":"jatek-tarolo-doboz-26","status":"publish","type":"product","link":"https:\/\/plasztikvilag.hu\/index.php\/termek\/jatek-tarolo-doboz-26\/","title":{"rendered":"J\u00e1t\u00e9kt\u00e1rol\u00f3 doboz 26"},"content":{"rendered":"","protected":false},"excerpt":{"rendered":"","protected":false},"featured_media":627,"template":"","meta":[],"product_brand":[],"product_cat":[259],"product_tag":[],"class_list":{"0":"post-626","1":"product","2":"type-product","3":"status-publish","4":"has-post-thumbnail","6":"product_cat-uj_termekek","8":"first","9":"instock","10":"taxable","11":"shipping-taxable","12":"purchasable","13":"product-type-simple"},"_links":{"self":[{"href":"https:\/\/plasztikvilag.hu\/index.php\/wp-json\/wp\/v2\/product\/626","targetHints":{"allow":["GET"]}}],"collection":[{"href":"https:\/\/plasztikvilag.hu\/index.php\/wp-json\/wp\/v2\/product"}],"about":[{"href":"https:\/\/plasztikvilag.hu\/index.php\/wp-json\/wp\/v2\/types\/product"}],"wp:featuredmedia":[{"embeddable":true,"href":"https:\/\/plasztikvilag.hu\/index.php\/wp-json\/wp\/v2\/media\/627"}],"wp:attachment":[{"href":"https:\/\/plasztikvilag.hu\/index.php\/wp-json\/wp\/v2\/media?parent=626"}],"wp:term":[{"taxonomy":"product_brand","embeddable":true,"href":"https:\/\/plasztikvilag.hu\/index.php\/wp-json\/wp\/v2\/product_brand?post=626"},{"taxonomy":"product_cat","embeddable":true,"href":"https:\/\/plasztikvilag.hu\/index.php\/wp-json\/wp\/v2\/product_cat?post=626"},{"taxonomy":"product_tag","embeddable":true,"href":"https:\/\/plasztikvilag.hu\/index.php\/wp-json\/wp\/v2\/product_tag?post=626"}],"curies":[{"name":"wp","href":"https:\/\/api.w.org\/{rel}","templated":true}]}}