{"id":596,"date":"2024-10-21T09:36:12","date_gmt":"2024-10-21T07:36:12","guid":{"rendered":"https:\/\/plasztikvilag.hu\/?post_type=product&#038;p=596"},"modified":"2024-11-11T06:49:29","modified_gmt":"2024-11-11T05:49:29","slug":"merokanal-kicsi-21x7x4-cm","status":"publish","type":"product","link":"https:\/\/plasztikvilag.hu\/index.php\/termek\/merokanal-kicsi-21x7x4-cm\/","title":{"rendered":"M\u00e9r\u0151kan\u00e1l kicsi 21x7x4 cm"},"content":{"rendered":"","protected":false},"excerpt":{"rendered":"","protected":false},"featured_media":597,"template":"","meta":[],"product_brand":[],"product_cat":[259],"product_tag":[],"class_list":{"0":"post-596","1":"product","2":"type-product","3":"status-publish","4":"has-post-thumbnail","6":"product_cat-uj_termekek","8":"first","9":"instock","10":"taxable","11":"shipping-taxable","12":"purchasable","13":"product-type-simple"},"_links":{"self":[{"href":"https:\/\/plasztikvilag.hu\/index.php\/wp-json\/wp\/v2\/product\/596","targetHints":{"allow":["GET"]}}],"collection":[{"href":"https:\/\/plasztikvilag.hu\/index.php\/wp-json\/wp\/v2\/product"}],"about":[{"href":"https:\/\/plasztikvilag.hu\/index.php\/wp-json\/wp\/v2\/types\/product"}],"wp:featuredmedia":[{"embeddable":true,"href":"https:\/\/plasztikvilag.hu\/index.php\/wp-json\/wp\/v2\/media\/597"}],"wp:attachment":[{"href":"https:\/\/plasztikvilag.hu\/index.php\/wp-json\/wp\/v2\/media?parent=596"}],"wp:term":[{"taxonomy":"product_brand","embeddable":true,"href":"https:\/\/plasztikvilag.hu\/index.php\/wp-json\/wp\/v2\/product_brand?post=596"},{"taxonomy":"product_cat","embeddable":true,"href":"https:\/\/plasztikvilag.hu\/index.php\/wp-json\/wp\/v2\/product_cat?post=596"},{"taxonomy":"product_tag","embeddable":true,"href":"https:\/\/plasztikvilag.hu\/index.php\/wp-json\/wp\/v2\/product_tag?post=596"}],"curies":[{"name":"wp","href":"https:\/\/api.w.org\/{rel}","templated":true}]}}