{"id":594,"date":"2024-10-21T09:17:01","date_gmt":"2024-10-21T07:17:01","guid":{"rendered":"https:\/\/plasztikvilag.hu\/?post_type=product&#038;p=594"},"modified":"2024-11-11T06:49:48","modified_gmt":"2024-11-11T05:49:48","slug":"konyhai-tarolo-uveg-037-kg","status":"publish","type":"product","link":"https:\/\/plasztikvilag.hu\/index.php\/termek\/konyhai-tarolo-uveg-037-kg\/","title":{"rendered":"Konyhai t\u00e1rol\u00f3 \u00fcveg 0,37 kg"},"content":{"rendered":"","protected":false},"excerpt":{"rendered":"","protected":false},"featured_media":595,"template":"","meta":[],"product_brand":[],"product_cat":[259],"product_tag":[],"class_list":{"0":"post-594","1":"product","2":"type-product","3":"status-publish","4":"has-post-thumbnail","6":"product_cat-uj_termekek","8":"first","9":"instock","10":"taxable","11":"shipping-taxable","12":"purchasable","13":"product-type-simple"},"_links":{"self":[{"href":"https:\/\/plasztikvilag.hu\/index.php\/wp-json\/wp\/v2\/product\/594","targetHints":{"allow":["GET"]}}],"collection":[{"href":"https:\/\/plasztikvilag.hu\/index.php\/wp-json\/wp\/v2\/product"}],"about":[{"href":"https:\/\/plasztikvilag.hu\/index.php\/wp-json\/wp\/v2\/types\/product"}],"wp:featuredmedia":[{"embeddable":true,"href":"https:\/\/plasztikvilag.hu\/index.php\/wp-json\/wp\/v2\/media\/595"}],"wp:attachment":[{"href":"https:\/\/plasztikvilag.hu\/index.php\/wp-json\/wp\/v2\/media?parent=594"}],"wp:term":[{"taxonomy":"product_brand","embeddable":true,"href":"https:\/\/plasztikvilag.hu\/index.php\/wp-json\/wp\/v2\/product_brand?post=594"},{"taxonomy":"product_cat","embeddable":true,"href":"https:\/\/plasztikvilag.hu\/index.php\/wp-json\/wp\/v2\/product_cat?post=594"},{"taxonomy":"product_tag","embeddable":true,"href":"https:\/\/plasztikvilag.hu\/index.php\/wp-json\/wp\/v2\/product_tag?post=594"}],"curies":[{"name":"wp","href":"https:\/\/api.w.org\/{rel}","templated":true}]}}