{"id":298,"date":"2024-01-15T15:07:48","date_gmt":"2024-01-15T14:07:48","guid":{"rendered":"https:\/\/hulitaszeged.dyndns.org:1112\/webshop\/?post_type=product&#038;p=298"},"modified":"2024-11-11T13:15:40","modified_gmt":"2024-11-11T12:15:40","slug":"jegkocka-keszitoszilikonos-jellegu","status":"publish","type":"product","link":"https:\/\/plasztikvilag.hu\/index.php\/termek\/jegkocka-keszitoszilikonos-jellegu\/","title":{"rendered":"J\u00e9gkocka k\u00e9sz\u00edt\u0151 szilikonos jelleg\u0171"},"content":{"rendered":"","protected":false},"excerpt":{"rendered":"","protected":false},"featured_media":430,"template":"","meta":[],"product_brand":[],"product_cat":[17],"product_tag":[],"class_list":{"0":"post-298","1":"product","2":"type-product","3":"status-publish","4":"has-post-thumbnail","6":"product_cat-konyhai-termekek","8":"first","9":"instock","10":"taxable","11":"shipping-taxable","12":"purchasable","13":"product-type-simple"},"_links":{"self":[{"href":"https:\/\/plasztikvilag.hu\/index.php\/wp-json\/wp\/v2\/product\/298","targetHints":{"allow":["GET"]}}],"collection":[{"href":"https:\/\/plasztikvilag.hu\/index.php\/wp-json\/wp\/v2\/product"}],"about":[{"href":"https:\/\/plasztikvilag.hu\/index.php\/wp-json\/wp\/v2\/types\/product"}],"wp:featuredmedia":[{"embeddable":true,"href":"https:\/\/plasztikvilag.hu\/index.php\/wp-json\/wp\/v2\/media\/430"}],"wp:attachment":[{"href":"https:\/\/plasztikvilag.hu\/index.php\/wp-json\/wp\/v2\/media?parent=298"}],"wp:term":[{"taxonomy":"product_brand","embeddable":true,"href":"https:\/\/plasztikvilag.hu\/index.php\/wp-json\/wp\/v2\/product_brand?post=298"},{"taxonomy":"product_cat","embeddable":true,"href":"https:\/\/plasztikvilag.hu\/index.php\/wp-json\/wp\/v2\/product_cat?post=298"},{"taxonomy":"product_tag","embeddable":true,"href":"https:\/\/plasztikvilag.hu\/index.php\/wp-json\/wp\/v2\/product_tag?post=298"}],"curies":[{"name":"wp","href":"https:\/\/api.w.org\/{rel}","templated":true}]}}