{"id":255,"date":"2024-01-15T15:07:34","date_gmt":"2024-01-15T14:07:34","guid":{"rendered":"https:\/\/hulitaszeged.dyndns.org:1112\/webshop\/?post_type=product&#038;p=255"},"modified":"2024-01-17T21:14:04","modified_gmt":"2024-01-17T20:14:04","slug":"hordo-dezsa-fedovel-16l","status":"publish","type":"product","link":"https:\/\/plasztikvilag.hu\/index.php\/termek\/hordo-dezsa-fedovel-16l\/","title":{"rendered":"Hord\u00f3 (d\u00e9zsa) fed\u0151vel 16l"},"content":{"rendered":"","protected":false},"excerpt":{"rendered":"","protected":false},"featured_media":464,"template":"","meta":[],"product_brand":[],"product_cat":[32],"product_tag":[],"class_list":{"0":"post-255","1":"product","2":"type-product","3":"status-publish","4":"has-post-thumbnail","6":"product_cat-dezsak","8":"first","9":"instock","10":"taxable","11":"shipping-taxable","12":"purchasable","13":"product-type-simple"},"_links":{"self":[{"href":"https:\/\/plasztikvilag.hu\/index.php\/wp-json\/wp\/v2\/product\/255","targetHints":{"allow":["GET"]}}],"collection":[{"href":"https:\/\/plasztikvilag.hu\/index.php\/wp-json\/wp\/v2\/product"}],"about":[{"href":"https:\/\/plasztikvilag.hu\/index.php\/wp-json\/wp\/v2\/types\/product"}],"wp:featuredmedia":[{"embeddable":true,"href":"https:\/\/plasztikvilag.hu\/index.php\/wp-json\/wp\/v2\/media\/464"}],"wp:attachment":[{"href":"https:\/\/plasztikvilag.hu\/index.php\/wp-json\/wp\/v2\/media?parent=255"}],"wp:term":[{"taxonomy":"product_brand","embeddable":true,"href":"https:\/\/plasztikvilag.hu\/index.php\/wp-json\/wp\/v2\/product_brand?post=255"},{"taxonomy":"product_cat","embeddable":true,"href":"https:\/\/plasztikvilag.hu\/index.php\/wp-json\/wp\/v2\/product_cat?post=255"},{"taxonomy":"product_tag","embeddable":true,"href":"https:\/\/plasztikvilag.hu\/index.php\/wp-json\/wp\/v2\/product_tag?post=255"}],"curies":[{"name":"wp","href":"https:\/\/api.w.org\/{rel}","templated":true}]}}