{"id":254,"date":"2024-01-15T15:07:34","date_gmt":"2024-01-15T14:07:34","guid":{"rendered":"https:\/\/hulitaszeged.dyndns.org:1112\/webshop\/?post_type=product&#038;p=254"},"modified":"2026-02-02T17:42:58","modified_gmt":"2026-02-02T16:42:58","slug":"tobbfunkcios-tarolo-4-fiokos-2","status":"publish","type":"product","link":"https:\/\/plasztikvilag.hu\/index.php\/termek\/tobbfunkcios-tarolo-4-fiokos-2\/","title":{"rendered":"T\u00f6bbfunkci\u00f3s  t\u00e1rol\u00f3 4 fi\u00f3kos"},"content":{"rendered":"","protected":false},"excerpt":{"rendered":"","protected":false},"featured_media":389,"template":"","meta":[],"product_brand":[],"product_cat":[34,38],"product_tag":[],"class_list":{"0":"post-254","1":"product","2":"type-product","3":"status-publish","4":"has-post-thumbnail","6":"product_cat-fiokos-tarolok","7":"product_cat-komodok","9":"first","10":"instock","11":"taxable","12":"shipping-taxable","13":"purchasable","14":"product-type-simple"},"_links":{"self":[{"href":"https:\/\/plasztikvilag.hu\/index.php\/wp-json\/wp\/v2\/product\/254","targetHints":{"allow":["GET"]}}],"collection":[{"href":"https:\/\/plasztikvilag.hu\/index.php\/wp-json\/wp\/v2\/product"}],"about":[{"href":"https:\/\/plasztikvilag.hu\/index.php\/wp-json\/wp\/v2\/types\/product"}],"wp:featuredmedia":[{"embeddable":true,"href":"https:\/\/plasztikvilag.hu\/index.php\/wp-json\/wp\/v2\/media\/389"}],"wp:attachment":[{"href":"https:\/\/plasztikvilag.hu\/index.php\/wp-json\/wp\/v2\/media?parent=254"}],"wp:term":[{"taxonomy":"product_brand","embeddable":true,"href":"https:\/\/plasztikvilag.hu\/index.php\/wp-json\/wp\/v2\/product_brand?post=254"},{"taxonomy":"product_cat","embeddable":true,"href":"https:\/\/plasztikvilag.hu\/index.php\/wp-json\/wp\/v2\/product_cat?post=254"},{"taxonomy":"product_tag","embeddable":true,"href":"https:\/\/plasztikvilag.hu\/index.php\/wp-json\/wp\/v2\/product_tag?post=254"}],"curies":[{"name":"wp","href":"https:\/\/api.w.org\/{rel}","templated":true}]}}