{"id":563,"date":"2024-01-22T13:24:30","date_gmt":"2024-01-22T12:24:30","guid":{"rendered":"https:\/\/hulitaszeged.dyndns.org:1112\/webshop\/index.php\/wishlist\/"},"modified":"2024-01-22T13:24:30","modified_gmt":"2024-01-22T12:24:30","slug":"wishlist","status":"publish","type":"page","link":"https:\/\/plasztikvilag.hu\/index.php\/wishlist\/","title":{"rendered":"Wishlist"},"content":{"rendered":"Nem tal\u00e1lhat\u00f3k kedvenc term\u00e9kek\n","protected":false},"excerpt":{"rendered":"","protected":false},"author":1,"featured_media":0,"parent":0,"menu_order":0,"comment_status":"closed","ping_status":"closed","template":"","meta":{"footnotes":""},"class_list":["post-563","page","type-page","status-publish","hentry"],"_links":{"self":[{"href":"https:\/\/plasztikvilag.hu\/index.php\/wp-json\/wp\/v2\/pages\/563","targetHints":{"allow":["GET"]}}],"collection":[{"href":"https:\/\/plasztikvilag.hu\/index.php\/wp-json\/wp\/v2\/pages"}],"about":[{"href":"https:\/\/plasztikvilag.hu\/index.php\/wp-json\/wp\/v2\/types\/page"}],"author":[{"embeddable":true,"href":"https:\/\/plasztikvilag.hu\/index.php\/wp-json\/wp\/v2\/users\/1"}],"replies":[{"embeddable":true,"href":"https:\/\/plasztikvilag.hu\/index.php\/wp-json\/wp\/v2\/comments?post=563"}],"version-history":[{"count":0,"href":"https:\/\/plasztikvilag.hu\/index.php\/wp-json\/wp\/v2\/pages\/563\/revisions"}],"wp:attachment":[{"href":"https:\/\/plasztikvilag.hu\/index.php\/wp-json\/wp\/v2\/media?parent=563"}],"curies":[{"name":"wp","href":"https:\/\/api.w.org\/{rel}","templated":true}]}}